{"id":79765,"date":"2025-10-18T07:08:49","date_gmt":"2025-10-18T10:08:49","guid":{"rendered":"https:\/\/fotosdekite.com.br\/?product=joao-paroimg_5416-jpg"},"modified":"2025-10-18T07:08:51","modified_gmt":"2025-10-18T10:08:51","slug":"joao-paroimg_5416-jpg","status":"publish","type":"product","link":"https:\/\/fotosdekite.com.br\/?product=joao-paroimg_5416-jpg","title":{"rendered":"Jo\u00e3o ParoIMG_5416.jpg"},"content":{"rendered":"<p>Suas fotografias velejando kitesurf em pontal do Macei\u00f3 por Paulo Andr\u00e9.<\/p>\n","protected":false},"excerpt":{"rendered":"<p>Fotografias velejando em Pontal feitas por Paulo Andr\u00e9 <\/p>\n","protected":false},"featured_media":79767,"template":"","meta":[],"product_brand":[],"product_cat":[663],"product_tag":[667],"class_list":{"0":"post-79765","1":"product","2":"type-product","3":"status-publish","4":"has-post-thumbnail","6":"product_cat-17-10-2025","7":"product_tag-joao-paro","9":"first","10":"instock","11":"downloadable","12":"shipping-taxable","13":"purchasable","14":"product-type-simple"},"_links":{"self":[{"href":"https:\/\/fotosdekite.com.br\/index.php?rest_route=\/wp\/v2\/product\/79765","targetHints":{"allow":["GET"]}}],"collection":[{"href":"https:\/\/fotosdekite.com.br\/index.php?rest_route=\/wp\/v2\/product"}],"about":[{"href":"https:\/\/fotosdekite.com.br\/index.php?rest_route=\/wp\/v2\/types\/product"}],"version-history":[{"count":0,"href":"https:\/\/fotosdekite.com.br\/index.php?rest_route=\/wp\/v2\/product\/79765\/revisions"}],"wp:featuredmedia":[{"embeddable":true,"href":"https:\/\/fotosdekite.com.br\/index.php?rest_route=\/wp\/v2\/media\/79767"}],"wp:attachment":[{"href":"https:\/\/fotosdekite.com.br\/index.php?rest_route=%2Fwp%2Fv2%2Fmedia&parent=79765"}],"wp:term":[{"taxonomy":"product_brand","embeddable":true,"href":"https:\/\/fotosdekite.com.br\/index.php?rest_route=%2Fwp%2Fv2%2Fproduct_brand&post=79765"},{"taxonomy":"product_cat","embeddable":true,"href":"https:\/\/fotosdekite.com.br\/index.php?rest_route=%2Fwp%2Fv2%2Fproduct_cat&post=79765"},{"taxonomy":"product_tag","embeddable":true,"href":"https:\/\/fotosdekite.com.br\/index.php?rest_route=%2Fwp%2Fv2%2Fproduct_tag&post=79765"}],"curies":[{"name":"wp","href":"https:\/\/api.w.org\/{rel}","templated":true}]}}