{"id":78214,"date":"2025-10-14T15:35:42","date_gmt":"2025-10-14T18:35:42","guid":{"rendered":"https:\/\/fotosdekite.com.br\/?product=gabriela-monacoimg_4178-jpg-2"},"modified":"2025-10-14T15:35:44","modified_gmt":"2025-10-14T18:35:44","slug":"gabriela-monacoimg_4178-jpg-2","status":"publish","type":"product","link":"https:\/\/fotosdekite.com.br\/?product=gabriela-monacoimg_4178-jpg-2","title":{"rendered":"Gabriela M\u00f4nacoIMG_4178.jpg"},"content":{"rendered":"<p>Suas fotografias velejando kitesurf em pontal do Macei\u00f3 por Paulo Andr\u00e9.<\/p>\n","protected":false},"excerpt":{"rendered":"<p>Fotografias velejando em Pontal feitas por Paulo Andr\u00e9 <\/p>\n","protected":false},"featured_media":78217,"template":"","meta":[],"product_brand":[],"product_cat":[648],"product_tag":[649],"class_list":{"0":"post-78214","1":"product","2":"type-product","3":"status-publish","4":"has-post-thumbnail","6":"product_cat-14-10-2025","7":"product_tag-gabriela-monaco","9":"first","10":"instock","11":"downloadable","12":"shipping-taxable","13":"purchasable","14":"product-type-simple"},"_links":{"self":[{"href":"https:\/\/fotosdekite.com.br\/index.php?rest_route=\/wp\/v2\/product\/78214","targetHints":{"allow":["GET"]}}],"collection":[{"href":"https:\/\/fotosdekite.com.br\/index.php?rest_route=\/wp\/v2\/product"}],"about":[{"href":"https:\/\/fotosdekite.com.br\/index.php?rest_route=\/wp\/v2\/types\/product"}],"version-history":[{"count":0,"href":"https:\/\/fotosdekite.com.br\/index.php?rest_route=\/wp\/v2\/product\/78214\/revisions"}],"wp:featuredmedia":[{"embeddable":true,"href":"https:\/\/fotosdekite.com.br\/index.php?rest_route=\/wp\/v2\/media\/78217"}],"wp:attachment":[{"href":"https:\/\/fotosdekite.com.br\/index.php?rest_route=%2Fwp%2Fv2%2Fmedia&parent=78214"}],"wp:term":[{"taxonomy":"product_brand","embeddable":true,"href":"https:\/\/fotosdekite.com.br\/index.php?rest_route=%2Fwp%2Fv2%2Fproduct_brand&post=78214"},{"taxonomy":"product_cat","embeddable":true,"href":"https:\/\/fotosdekite.com.br\/index.php?rest_route=%2Fwp%2Fv2%2Fproduct_cat&post=78214"},{"taxonomy":"product_tag","embeddable":true,"href":"https:\/\/fotosdekite.com.br\/index.php?rest_route=%2Fwp%2Fv2%2Fproduct_tag&post=78214"}],"curies":[{"name":"wp","href":"https:\/\/api.w.org\/{rel}","templated":true}]}}