{"id":77565,"date":"2025-10-14T15:15:34","date_gmt":"2025-10-14T18:15:34","guid":{"rendered":"https:\/\/fotosdekite.com.br\/?product=joao-e-jorge-paroimg_3778-jpg"},"modified":"2025-10-14T15:15:35","modified_gmt":"2025-10-14T18:15:35","slug":"joao-e-jorge-paroimg_3778-jpg","status":"publish","type":"product","link":"https:\/\/fotosdekite.com.br\/?product=joao-e-jorge-paroimg_3778-jpg","title":{"rendered":"Jo\u00e3o e Jorge ParoIMG_3778.jpg"},"content":{"rendered":"<p>Suas fotografias velejando kitesurf em pontal do Macei\u00f3 por Paulo Andr\u00e9.<\/p>\n","protected":false},"excerpt":{"rendered":"<p>Fotografias velejando em Pontal feitas por Paulo Andr\u00e9 <\/p>\n","protected":false},"featured_media":77566,"template":"","meta":[],"product_brand":[],"product_cat":[648],"product_tag":[651],"class_list":{"0":"post-77565","1":"product","2":"type-product","3":"status-publish","4":"has-post-thumbnail","6":"product_cat-14-10-2025","7":"product_tag-joao-e-jorge-paro","9":"first","10":"instock","11":"downloadable","12":"shipping-taxable","13":"purchasable","14":"product-type-simple"},"_links":{"self":[{"href":"https:\/\/fotosdekite.com.br\/index.php?rest_route=\/wp\/v2\/product\/77565","targetHints":{"allow":["GET"]}}],"collection":[{"href":"https:\/\/fotosdekite.com.br\/index.php?rest_route=\/wp\/v2\/product"}],"about":[{"href":"https:\/\/fotosdekite.com.br\/index.php?rest_route=\/wp\/v2\/types\/product"}],"version-history":[{"count":0,"href":"https:\/\/fotosdekite.com.br\/index.php?rest_route=\/wp\/v2\/product\/77565\/revisions"}],"wp:featuredmedia":[{"embeddable":true,"href":"https:\/\/fotosdekite.com.br\/index.php?rest_route=\/wp\/v2\/media\/77566"}],"wp:attachment":[{"href":"https:\/\/fotosdekite.com.br\/index.php?rest_route=%2Fwp%2Fv2%2Fmedia&parent=77565"}],"wp:term":[{"taxonomy":"product_brand","embeddable":true,"href":"https:\/\/fotosdekite.com.br\/index.php?rest_route=%2Fwp%2Fv2%2Fproduct_brand&post=77565"},{"taxonomy":"product_cat","embeddable":true,"href":"https:\/\/fotosdekite.com.br\/index.php?rest_route=%2Fwp%2Fv2%2Fproduct_cat&post=77565"},{"taxonomy":"product_tag","embeddable":true,"href":"https:\/\/fotosdekite.com.br\/index.php?rest_route=%2Fwp%2Fv2%2Fproduct_tag&post=77565"}],"curies":[{"name":"wp","href":"https:\/\/api.w.org\/{rel}","templated":true}]}}