{"id":77299,"date":"2025-10-14T15:08:06","date_gmt":"2025-10-14T18:08:06","guid":{"rendered":"https:\/\/fotosdekite.com.br\/?product=gabriela-monacoimg_4188-jpg"},"modified":"2025-10-14T15:08:08","modified_gmt":"2025-10-14T18:08:08","slug":"gabriela-monacoimg_4188-jpg","status":"publish","type":"product","link":"https:\/\/fotosdekite.com.br\/?product=gabriela-monacoimg_4188-jpg","title":{"rendered":"Gabriela M\u00f4nacoIMG_4188.jpg"},"content":{"rendered":"<p>Suas fotografias velejando kitesurf em pontal do Macei\u00f3 por Paulo Andr\u00e9.<\/p>\n","protected":false},"excerpt":{"rendered":"<p>Fotografias velejando em Pontal feitas por Paulo Andr\u00e9 <\/p>\n","protected":false},"featured_media":77301,"template":"","meta":[],"product_brand":[],"product_cat":[648],"product_tag":[649],"class_list":{"0":"post-77299","1":"product","2":"type-product","3":"status-publish","4":"has-post-thumbnail","6":"product_cat-14-10-2025","7":"product_tag-gabriela-monaco","9":"first","10":"instock","11":"downloadable","12":"shipping-taxable","13":"purchasable","14":"product-type-simple"},"_links":{"self":[{"href":"https:\/\/fotosdekite.com.br\/index.php?rest_route=\/wp\/v2\/product\/77299","targetHints":{"allow":["GET"]}}],"collection":[{"href":"https:\/\/fotosdekite.com.br\/index.php?rest_route=\/wp\/v2\/product"}],"about":[{"href":"https:\/\/fotosdekite.com.br\/index.php?rest_route=\/wp\/v2\/types\/product"}],"version-history":[{"count":0,"href":"https:\/\/fotosdekite.com.br\/index.php?rest_route=\/wp\/v2\/product\/77299\/revisions"}],"wp:featuredmedia":[{"embeddable":true,"href":"https:\/\/fotosdekite.com.br\/index.php?rest_route=\/wp\/v2\/media\/77301"}],"wp:attachment":[{"href":"https:\/\/fotosdekite.com.br\/index.php?rest_route=%2Fwp%2Fv2%2Fmedia&parent=77299"}],"wp:term":[{"taxonomy":"product_brand","embeddable":true,"href":"https:\/\/fotosdekite.com.br\/index.php?rest_route=%2Fwp%2Fv2%2Fproduct_brand&post=77299"},{"taxonomy":"product_cat","embeddable":true,"href":"https:\/\/fotosdekite.com.br\/index.php?rest_route=%2Fwp%2Fv2%2Fproduct_cat&post=77299"},{"taxonomy":"product_tag","embeddable":true,"href":"https:\/\/fotosdekite.com.br\/index.php?rest_route=%2Fwp%2Fv2%2Fproduct_tag&post=77299"}],"curies":[{"name":"wp","href":"https:\/\/api.w.org\/{rel}","templated":true}]}}