{"id":67879,"date":"2025-10-04T01:48:29","date_gmt":"2025-10-04T04:48:29","guid":{"rendered":"https:\/\/fotosdekite.com.br\/?product=rodrigo-petronioimg_0136-jpg"},"modified":"2025-10-04T01:48:31","modified_gmt":"2025-10-04T04:48:31","slug":"rodrigo-petronioimg_0136-jpg","status":"publish","type":"product","link":"https:\/\/fotosdekite.com.br\/?product=rodrigo-petronioimg_0136-jpg","title":{"rendered":"Rodrigo Petr\u00f4nioIMG_0136.jpg"},"content":{"rendered":"<p>Suas fotografias velejando kitesurf em pontal do Macei\u00f3 por Paulo Andr\u00e9.<\/p>\n","protected":false},"excerpt":{"rendered":"<p>Fotografias velejando em Pontal feitas por Paulo Andr\u00e9 <\/p>\n","protected":false},"featured_media":67883,"template":"","meta":[],"product_brand":[],"product_cat":[597],"product_tag":[598],"class_list":{"0":"post-67879","1":"product","2":"type-product","3":"status-publish","4":"has-post-thumbnail","6":"product_cat-04-10-25","7":"product_tag-rodrigo-petronio","9":"first","10":"instock","11":"downloadable","12":"shipping-taxable","13":"purchasable","14":"product-type-simple"},"_links":{"self":[{"href":"https:\/\/fotosdekite.com.br\/index.php?rest_route=\/wp\/v2\/product\/67879","targetHints":{"allow":["GET"]}}],"collection":[{"href":"https:\/\/fotosdekite.com.br\/index.php?rest_route=\/wp\/v2\/product"}],"about":[{"href":"https:\/\/fotosdekite.com.br\/index.php?rest_route=\/wp\/v2\/types\/product"}],"version-history":[{"count":0,"href":"https:\/\/fotosdekite.com.br\/index.php?rest_route=\/wp\/v2\/product\/67879\/revisions"}],"wp:featuredmedia":[{"embeddable":true,"href":"https:\/\/fotosdekite.com.br\/index.php?rest_route=\/wp\/v2\/media\/67883"}],"wp:attachment":[{"href":"https:\/\/fotosdekite.com.br\/index.php?rest_route=%2Fwp%2Fv2%2Fmedia&parent=67879"}],"wp:term":[{"taxonomy":"product_brand","embeddable":true,"href":"https:\/\/fotosdekite.com.br\/index.php?rest_route=%2Fwp%2Fv2%2Fproduct_brand&post=67879"},{"taxonomy":"product_cat","embeddable":true,"href":"https:\/\/fotosdekite.com.br\/index.php?rest_route=%2Fwp%2Fv2%2Fproduct_cat&post=67879"},{"taxonomy":"product_tag","embeddable":true,"href":"https:\/\/fotosdekite.com.br\/index.php?rest_route=%2Fwp%2Fv2%2Fproduct_tag&post=67879"}],"curies":[{"name":"wp","href":"https:\/\/api.w.org\/{rel}","templated":true}]}}