{"id":56004,"date":"2025-09-23T12:11:52","date_gmt":"2025-09-23T15:11:52","guid":{"rendered":"https:\/\/fotosdekite.com.br\/?product=marco-aurelioimg_6789-jpg"},"modified":"2025-09-23T12:11:52","modified_gmt":"2025-09-23T15:11:52","slug":"marco-aurelioimg_6789-jpg","status":"publish","type":"product","link":"https:\/\/fotosdekite.com.br\/?product=marco-aurelioimg_6789-jpg","title":{"rendered":"Marco Aur\u00e9lioIMG_6789.jpg"},"content":{"rendered":"<p>Suas fotografias velejando kitesurf em pontal do Macei\u00f3 por Paulo Andr\u00e9.<\/p>\n","protected":false},"excerpt":{"rendered":"<p>Fotografias velejando em Pontal feitas por Paulo Andr\u00e9 <\/p>\n","protected":false},"featured_media":0,"template":"","meta":[],"product_brand":[],"product_cat":[549],"product_tag":[550],"class_list":{"0":"post-56004","1":"product","2":"type-product","3":"status-publish","5":"product_cat-20-09-25","6":"product_tag-marco-aurelio","8":"first","9":"instock","10":"downloadable","11":"shipping-taxable","12":"purchasable","13":"product-type-simple"},"_links":{"self":[{"href":"https:\/\/fotosdekite.com.br\/index.php?rest_route=\/wp\/v2\/product\/56004","targetHints":{"allow":["GET"]}}],"collection":[{"href":"https:\/\/fotosdekite.com.br\/index.php?rest_route=\/wp\/v2\/product"}],"about":[{"href":"https:\/\/fotosdekite.com.br\/index.php?rest_route=\/wp\/v2\/types\/product"}],"version-history":[{"count":0,"href":"https:\/\/fotosdekite.com.br\/index.php?rest_route=\/wp\/v2\/product\/56004\/revisions"}],"wp:attachment":[{"href":"https:\/\/fotosdekite.com.br\/index.php?rest_route=%2Fwp%2Fv2%2Fmedia&parent=56004"}],"wp:term":[{"taxonomy":"product_brand","embeddable":true,"href":"https:\/\/fotosdekite.com.br\/index.php?rest_route=%2Fwp%2Fv2%2Fproduct_brand&post=56004"},{"taxonomy":"product_cat","embeddable":true,"href":"https:\/\/fotosdekite.com.br\/index.php?rest_route=%2Fwp%2Fv2%2Fproduct_cat&post=56004"},{"taxonomy":"product_tag","embeddable":true,"href":"https:\/\/fotosdekite.com.br\/index.php?rest_route=%2Fwp%2Fv2%2Fproduct_tag&post=56004"}],"curies":[{"name":"wp","href":"https:\/\/api.w.org\/{rel}","templated":true}]}}