{"id":55059,"date":"2025-09-20T17:01:16","date_gmt":"2025-09-20T20:01:16","guid":{"rendered":"https:\/\/fotosdekite.com.br\/?product=florenciaimg_6685-jpg"},"modified":"2025-09-20T17:01:17","modified_gmt":"2025-09-20T20:01:17","slug":"florenciaimg_6685-jpg","status":"publish","type":"product","link":"https:\/\/fotosdekite.com.br\/?product=florenciaimg_6685-jpg","title":{"rendered":"Flor\u00eanciaIMG_6685.jpg"},"content":{"rendered":"<p>Suas fotografias velejando kitesurf em pontal do Macei\u00f3 por Paulo Andr\u00e9.<\/p>\n","protected":false},"excerpt":{"rendered":"<p>Fotografias velejando em Pontal feitas por Paulo Andr\u00e9 <\/p>\n","protected":false},"featured_media":55060,"template":"","meta":[],"product_brand":[],"product_cat":[549],"product_tag":[543],"class_list":{"0":"post-55059","1":"product","2":"type-product","3":"status-publish","4":"has-post-thumbnail","6":"product_cat-20-09-25","7":"product_tag-florencia","9":"first","10":"instock","11":"downloadable","12":"shipping-taxable","13":"purchasable","14":"product-type-simple"},"_links":{"self":[{"href":"https:\/\/fotosdekite.com.br\/index.php?rest_route=\/wp\/v2\/product\/55059","targetHints":{"allow":["GET"]}}],"collection":[{"href":"https:\/\/fotosdekite.com.br\/index.php?rest_route=\/wp\/v2\/product"}],"about":[{"href":"https:\/\/fotosdekite.com.br\/index.php?rest_route=\/wp\/v2\/types\/product"}],"version-history":[{"count":0,"href":"https:\/\/fotosdekite.com.br\/index.php?rest_route=\/wp\/v2\/product\/55059\/revisions"}],"wp:featuredmedia":[{"embeddable":true,"href":"https:\/\/fotosdekite.com.br\/index.php?rest_route=\/wp\/v2\/media\/55060"}],"wp:attachment":[{"href":"https:\/\/fotosdekite.com.br\/index.php?rest_route=%2Fwp%2Fv2%2Fmedia&parent=55059"}],"wp:term":[{"taxonomy":"product_brand","embeddable":true,"href":"https:\/\/fotosdekite.com.br\/index.php?rest_route=%2Fwp%2Fv2%2Fproduct_brand&post=55059"},{"taxonomy":"product_cat","embeddable":true,"href":"https:\/\/fotosdekite.com.br\/index.php?rest_route=%2Fwp%2Fv2%2Fproduct_cat&post=55059"},{"taxonomy":"product_tag","embeddable":true,"href":"https:\/\/fotosdekite.com.br\/index.php?rest_route=%2Fwp%2Fv2%2Fproduct_tag&post=55059"}],"curies":[{"name":"wp","href":"https:\/\/api.w.org\/{rel}","templated":true}]}}