{"id":54771,"date":"2025-09-20T16:54:51","date_gmt":"2025-09-20T19:54:51","guid":{"rendered":"https:\/\/fotosdekite.com.br\/?product=joao-pedro-f-mimg_6384-jpg"},"modified":"2025-09-20T16:54:52","modified_gmt":"2025-09-20T19:54:52","slug":"joao-pedro-f-mimg_6384-jpg","status":"publish","type":"product","link":"https:\/\/fotosdekite.com.br\/?product=joao-pedro-f-mimg_6384-jpg","title":{"rendered":"Jo\u00e3o Pedro F MIMG_6384.jpg"},"content":{"rendered":"<p>Suas fotografias velejando kitesurf em pontal do Macei\u00f3 por Paulo Andr\u00e9.<\/p>\n","protected":false},"excerpt":{"rendered":"<p>Fotografias velejando em Pontal feitas por Paulo Andr\u00e9 <\/p>\n","protected":false},"featured_media":54773,"template":"","meta":[],"product_brand":[],"product_cat":[549],"product_tag":[546],"class_list":{"0":"post-54771","1":"product","2":"type-product","3":"status-publish","4":"has-post-thumbnail","6":"product_cat-20-09-25","7":"product_tag-joao-pedro-f-m","9":"first","10":"instock","11":"downloadable","12":"shipping-taxable","13":"purchasable","14":"product-type-simple"},"_links":{"self":[{"href":"https:\/\/fotosdekite.com.br\/index.php?rest_route=\/wp\/v2\/product\/54771","targetHints":{"allow":["GET"]}}],"collection":[{"href":"https:\/\/fotosdekite.com.br\/index.php?rest_route=\/wp\/v2\/product"}],"about":[{"href":"https:\/\/fotosdekite.com.br\/index.php?rest_route=\/wp\/v2\/types\/product"}],"version-history":[{"count":0,"href":"https:\/\/fotosdekite.com.br\/index.php?rest_route=\/wp\/v2\/product\/54771\/revisions"}],"wp:featuredmedia":[{"embeddable":true,"href":"https:\/\/fotosdekite.com.br\/index.php?rest_route=\/wp\/v2\/media\/54773"}],"wp:attachment":[{"href":"https:\/\/fotosdekite.com.br\/index.php?rest_route=%2Fwp%2Fv2%2Fmedia&parent=54771"}],"wp:term":[{"taxonomy":"product_brand","embeddable":true,"href":"https:\/\/fotosdekite.com.br\/index.php?rest_route=%2Fwp%2Fv2%2Fproduct_brand&post=54771"},{"taxonomy":"product_cat","embeddable":true,"href":"https:\/\/fotosdekite.com.br\/index.php?rest_route=%2Fwp%2Fv2%2Fproduct_cat&post=54771"},{"taxonomy":"product_tag","embeddable":true,"href":"https:\/\/fotosdekite.com.br\/index.php?rest_route=%2Fwp%2Fv2%2Fproduct_tag&post=54771"}],"curies":[{"name":"wp","href":"https:\/\/api.w.org\/{rel}","templated":true}]}}