{"id":108517,"date":"2026-01-06T00:45:14","date_gmt":"2026-01-06T03:45:14","guid":{"rendered":"https:\/\/fotosdekite.com.br\/?product=guillaume-bechu-img_4749"},"modified":"2026-01-06T00:45:14","modified_gmt":"2026-01-06T03:45:14","slug":"guillaume-bechu-img_4749","status":"publish","type":"product","link":"https:\/\/fotosdekite.com.br\/?product=guillaume-bechu-img_4749","title":{"rendered":"Guillaume Bechu IMG_4749"},"content":{"rendered":"<p>Fotografia profissional de velejadores em f\u00e9rias em Pontal do Macei\u00f3 \u2013 Fortim\/CE, capturada por fot\u00f3grafo especializado em esportes \u00e0 vela.  As imagens s\u00e3o entregues em baixa resolu\u00e7\u00e3o (ideal para redes sociais) e alta resolu\u00e7\u00e3o (perfeita para impress\u00e3o e arquivo pessoal), com tratamento profissional de cor e nitidez.  Diferente de fotos ocasionais feitas por acompanhantes sem t\u00e9cnica, aqui voc\u00ea garante enquadramento correto, timing das manobras, leitura do vento e qualidade visual superior,  enquanto aproveita sua velejada sem preocupa\u00e7\u00f5es. Um registro \u00e0 altura da sua experi\u00eancia no mar. <\/p>\n","protected":false},"excerpt":{"rendered":"<p>Fotos profissionais de velejadores em Pontal do Macei\u00f3 (Fortim-CE), com entrega em alta e baixa resolu\u00e7\u00e3o.  Mais qualidade, melhor enquadramento e registros no tempo certo para valorizar suas f\u00e9rias no mar.<\/p>\n","protected":false},"featured_media":0,"template":"","meta":[],"product_brand":[],"product_cat":[818],"product_tag":[708],"class_list":{"0":"post-108517","1":"product","2":"type-product","3":"status-publish","5":"product_cat-05-01-26","6":"product_tag-guillaume-bechu","8":"first","9":"instock","10":"downloadable","11":"shipping-taxable","12":"purchasable","13":"product-type-simple"},"_links":{"self":[{"href":"https:\/\/fotosdekite.com.br\/index.php?rest_route=\/wp\/v2\/product\/108517","targetHints":{"allow":["GET"]}}],"collection":[{"href":"https:\/\/fotosdekite.com.br\/index.php?rest_route=\/wp\/v2\/product"}],"about":[{"href":"https:\/\/fotosdekite.com.br\/index.php?rest_route=\/wp\/v2\/types\/product"}],"version-history":[{"count":0,"href":"https:\/\/fotosdekite.com.br\/index.php?rest_route=\/wp\/v2\/product\/108517\/revisions"}],"wp:attachment":[{"href":"https:\/\/fotosdekite.com.br\/index.php?rest_route=%2Fwp%2Fv2%2Fmedia&parent=108517"}],"wp:term":[{"taxonomy":"product_brand","embeddable":true,"href":"https:\/\/fotosdekite.com.br\/index.php?rest_route=%2Fwp%2Fv2%2Fproduct_brand&post=108517"},{"taxonomy":"product_cat","embeddable":true,"href":"https:\/\/fotosdekite.com.br\/index.php?rest_route=%2Fwp%2Fv2%2Fproduct_cat&post=108517"},{"taxonomy":"product_tag","embeddable":true,"href":"https:\/\/fotosdekite.com.br\/index.php?rest_route=%2Fwp%2Fv2%2Fproduct_tag&post=108517"}],"curies":[{"name":"wp","href":"https:\/\/api.w.org\/{rel}","templated":true}]}}